{"id":12848,"date":"2025-05-20T13:21:17","date_gmt":"2025-05-20T13:21:17","guid":{"rendered":"https:\/\/saomai-agro.com\/?post_type=product&#038;p=12848"},"modified":"2026-02-27T14:59:49","modified_gmt":"2026-02-27T14:59:49","slug":"lime-puree","status":"publish","type":"product","link":"https:\/\/saomai-agro.com\/vi\/san-pham\/lime-puree\/","title":{"rendered":"Lime Puree"},"content":{"rendered":"","protected":false},"excerpt":{"rendered":"<div style=\"background: #1e7b3b;color: white;padding: 40px 30px;border-radius: 16px;font-family: 'Segoe UI', sans-serif;max-width: 700px;margin: 30px auto\">\n<h2 style=\"text-align: center;font-size: 28px;margin-bottom: 30px;color: white\">Lime Puree<\/h2>\n<table style=\"width: 100%;border-collapse: collapse;margin-bottom: 30px\">\n<tbody>\n<tr>\n<td style=\"padding: 10px 0;font-weight: 600\">Ingredients<\/td>\n<td style=\"padding: 10px 0\">100% Lime<\/td>\n<\/tr>\n<p><!-- C\u00e1c d\u00f2ng c\u00f2n l\u1ea1i y h\u1ec7t Passion Fruit Puree --><\/p>\n<tr>\n<td style=\"padding: 10px 0;font-weight: 600\">Standards<\/td>\n<td style=\"padding: 10px 0\">Agricultural standards as per customer\u2019s requirements (GlobalGAP, Organic)<\/td>\n<\/tr>\n<tr>\n<td style=\"padding: 10px 0;font-weight: 600\">Characteristics<\/td>\n<td style=\"padding: 10px 0\">Pureed form, contain finely ground fruit particles (size &lt; 0.8mm)<\/td>\n<\/tr>\n<tr>\n<td style=\"padding: 10px 0;font-weight: 600\">Packaging<\/td>\n<td style=\"padding: 10px 0\">Aseptic bags in carton (5kg \u2013 20kg), Aseptic bags in drums (180kg \u2013 200kg), PE plastic bags in carton (5kg \u2013 20kg) or PE plastic bags in drums (180kg \u2013 200kg)<\/td>\n<\/tr>\n<tr>\n<td style=\"padding: 10px 0;font-weight: 600\">Storage and transportation conditions<\/td>\n<td style=\"padding: 10px 0\">Ambiance or Frozen (-18\u00b0C)<\/td>\n<\/tr>\n<tr>\n<td style=\"padding: 10px 0;font-weight: 600\">Shelf life<\/td>\n<td style=\"padding: 10px 0\">12 months at ambiance temperature, 24 months when frozen<\/td>\n<\/tr>\n<\/tbody>\n<\/table>\n<div style=\"text-align: center;margin-bottom: 30px\"><a style=\"background: #ff3b3f;color: white;padding: 12px 30px;text-decoration: none;font-weight: bold;border-radius: 8px\" href=\"#\">REQUEST FREE SAMPLE NOW<\/a><\/div>\n<ul style=\"padding: 0;margin: 0;grid-template-columns: repeat(auto-fit, minmax(180px, 1fr));gap: 10px\">\n<li>\u2705 Customized Logo<\/li>\n<li>\u2705 Customized Packaging<\/li>\n<\/ul>\n<\/div>","protected":false},"featured_media":13339,"comment_status":"closed","ping_status":"closed","template":"","meta":[],"product_brand":[],"product_cat":[73],"product_tag":[25,30,33],"class_list":{"0":"post-12848","1":"product","2":"type-product","3":"status-publish","4":"has-post-thumbnail","6":"product_cat-puree","7":"product_tag-fruits","8":"product_tag-juices","9":"product_tag-organic","11":"first","12":"instock","13":"shipping-taxable","14":"product-type-simple"},"yoast_head":"<!-- This site is optimized with the Yoast SEO Premium plugin v23.9 (Yoast SEO v25.2) - https:\/\/yoast.com\/wordpress\/plugins\/seo\/ -->\n<title>Lime Puree - Sao Mai<\/title>\n<meta name=\"robots\" content=\"index, follow, max-snippet:-1, max-image-preview:large, max-video-preview:-1\" \/>\n<link rel=\"canonical\" href=\"https:\/\/saomai-agro.com\/vi\/san-pham\/lime-puree\/\" \/>\n<meta property=\"og:locale\" content=\"vi_VN\" \/>\n<meta property=\"og:type\" content=\"article\" \/>\n<meta property=\"og:title\" content=\"Lime Puree\" \/>\n<meta property=\"og:description\" content=\"Lime Puree    Ingredients 100% Lime    Standards Agricultural standards as per customer\u2019s requirements (GlobalGAP, Organic)   Characteristics Pureed form, contain finely ground fruit particles (size &lt; 0.8mm)   Packaging Aseptic bags in carton (5kg \u2013 20kg), Aseptic bags in drums (180kg \u2013 200kg), PE plastic bags in carton (5kg \u2013 20kg) or PE plastic bags in drums (180kg \u2013 200kg)   Storage and transportation conditions Ambiance or Frozen (-18\u00b0C)   Shelf life 12 months at ambiance temperature, 24 months when frozen    REQUEST FREE SAMPLE NOW   \u2705 Customized Logo  \u2705 Customized Packaging\" \/>\n<meta property=\"og:url\" content=\"https:\/\/saomai-agro.com\/vi\/san-pham\/lime-puree\/\" \/>\n<meta property=\"og:site_name\" content=\"Sao Mai\" \/>\n<meta property=\"article:modified_time\" content=\"2026-02-27T14:59:49+00:00\" \/>\n<meta property=\"og:image\" content=\"https:\/\/saomai-agro.com\/wp-content\/uploads\/2025\/05\/MOCK-UP-NONG-SAN.pdf-1000-x-1000-px-9.png\" \/>\n\t<meta property=\"og:image:width\" content=\"1000\" \/>\n\t<meta property=\"og:image:height\" content=\"1000\" \/>\n\t<meta property=\"og:image:type\" content=\"image\/png\" \/>\n<meta name=\"twitter:card\" content=\"summary_large_image\" \/>\n<script type=\"application\/ld+json\" class=\"yoast-schema-graph\">{\"@context\":\"https:\/\/schema.org\",\"@graph\":[{\"@type\":\"WebPage\",\"@id\":\"https:\/\/saomai-agro.com\/product\/lime-puree\/\",\"url\":\"https:\/\/saomai-agro.com\/product\/lime-puree\/\",\"name\":\"Lime Puree - Sao Mai\",\"isPartOf\":{\"@id\":\"https:\/\/greenyellow-mink-334782.hostingersite.com\/#website\"},\"primaryImageOfPage\":{\"@id\":\"https:\/\/saomai-agro.com\/product\/lime-puree\/#primaryimage\"},\"image\":{\"@id\":\"https:\/\/saomai-agro.com\/product\/lime-puree\/#primaryimage\"},\"thumbnailUrl\":\"https:\/\/saomai-agro.com\/wp-content\/uploads\/2025\/05\/MOCK-UP-NONG-SAN.pdf-1000-x-1000-px-9.png\",\"datePublished\":\"2025-05-20T13:21:17+00:00\",\"dateModified\":\"2026-02-27T14:59:49+00:00\",\"breadcrumb\":{\"@id\":\"https:\/\/saomai-agro.com\/product\/lime-puree\/#breadcrumb\"},\"inLanguage\":\"vi\",\"potentialAction\":[{\"@type\":\"ReadAction\",\"target\":[\"https:\/\/saomai-agro.com\/product\/lime-puree\/\"]}]},{\"@type\":\"ImageObject\",\"inLanguage\":\"vi\",\"@id\":\"https:\/\/saomai-agro.com\/product\/lime-puree\/#primaryimage\",\"url\":\"https:\/\/saomai-agro.com\/wp-content\/uploads\/2025\/05\/MOCK-UP-NONG-SAN.pdf-1000-x-1000-px-9.png\",\"contentUrl\":\"https:\/\/saomai-agro.com\/wp-content\/uploads\/2025\/05\/MOCK-UP-NONG-SAN.pdf-1000-x-1000-px-9.png\",\"width\":1000,\"height\":1000},{\"@type\":\"BreadcrumbList\",\"@id\":\"https:\/\/saomai-agro.com\/product\/lime-puree\/#breadcrumb\",\"itemListElement\":[{\"@type\":\"ListItem\",\"position\":1,\"name\":\"Home\",\"item\":\"https:\/\/saomai-agro.com\/\"},{\"@type\":\"ListItem\",\"position\":2,\"name\":\"Our Products\",\"item\":\"https:\/\/saomai-agro.com\/?page_id=559\"},{\"@type\":\"ListItem\",\"position\":3,\"name\":\"Lime Puree\"}]},{\"@type\":\"WebSite\",\"@id\":\"https:\/\/greenyellow-mink-334782.hostingersite.com\/#website\",\"url\":\"https:\/\/greenyellow-mink-334782.hostingersite.com\/\",\"name\":\"Sao Mai\",\"description\":\"SAO MAI Agro Processing JSC Vietnamese Food Manufacturer &amp; Exporter\",\"publisher\":{\"@id\":\"https:\/\/greenyellow-mink-334782.hostingersite.com\/#organization\"},\"potentialAction\":[{\"@type\":\"SearchAction\",\"target\":{\"@type\":\"EntryPoint\",\"urlTemplate\":\"https:\/\/greenyellow-mink-334782.hostingersite.com\/?s={search_term_string}\"},\"query-input\":{\"@type\":\"PropertyValueSpecification\",\"valueRequired\":true,\"valueName\":\"search_term_string\"}}],\"inLanguage\":\"vi\"},{\"@type\":\"Organization\",\"@id\":\"https:\/\/greenyellow-mink-334782.hostingersite.com\/#organization\",\"name\":\"Sao Mai\",\"url\":\"https:\/\/greenyellow-mink-334782.hostingersite.com\/\",\"logo\":{\"@type\":\"ImageObject\",\"inLanguage\":\"vi\",\"@id\":\"https:\/\/greenyellow-mink-334782.hostingersite.com\/#\/schema\/logo\/image\/\",\"url\":\"https:\/\/saomai-agro.com\/wp-content\/uploads\/2024\/05\/cropped-logo-sao-mai-ban-chuan-bang-ngang-02-e1747109753124.png\",\"contentUrl\":\"https:\/\/saomai-agro.com\/wp-content\/uploads\/2024\/05\/cropped-logo-sao-mai-ban-chuan-bang-ngang-02-e1747109753124.png\",\"width\":78,\"height\":52,\"caption\":\"Sao Mai\"},\"image\":{\"@id\":\"https:\/\/greenyellow-mink-334782.hostingersite.com\/#\/schema\/logo\/image\/\"}}]}<\/script>\n<!-- \/ Yoast SEO Premium plugin. -->","yoast_head_json":{"title":"Lime Puree - Sao Mai","robots":{"index":"index","follow":"follow","max-snippet":"max-snippet:-1","max-image-preview":"max-image-preview:large","max-video-preview":"max-video-preview:-1"},"canonical":"https:\/\/saomai-agro.com\/vi\/san-pham\/lime-puree\/","og_locale":"vi_VN","og_type":"article","og_title":"Lime Puree","og_description":"Lime Puree    Ingredients 100% Lime    Standards Agricultural standards as per customer\u2019s requirements (GlobalGAP, Organic)   Characteristics Pureed form, contain finely ground fruit particles (size &lt; 0.8mm)   Packaging Aseptic bags in carton (5kg \u2013 20kg), Aseptic bags in drums (180kg \u2013 200kg), PE plastic bags in carton (5kg \u2013 20kg) or PE plastic bags in drums (180kg \u2013 200kg)   Storage and transportation conditions Ambiance or Frozen (-18\u00b0C)   Shelf life 12 months at ambiance temperature, 24 months when frozen    REQUEST FREE SAMPLE NOW   \u2705 Customized Logo  \u2705 Customized Packaging","og_url":"https:\/\/saomai-agro.com\/vi\/san-pham\/lime-puree\/","og_site_name":"Sao Mai","article_modified_time":"2026-02-27T14:59:49+00:00","og_image":[{"width":1000,"height":1000,"url":"https:\/\/saomai-agro.com\/wp-content\/uploads\/2025\/05\/MOCK-UP-NONG-SAN.pdf-1000-x-1000-px-9.png","type":"image\/png"}],"twitter_card":"summary_large_image","schema":{"@context":"https:\/\/schema.org","@graph":[{"@type":"WebPage","@id":"https:\/\/saomai-agro.com\/product\/lime-puree\/","url":"https:\/\/saomai-agro.com\/product\/lime-puree\/","name":"Lime Puree - Sao Mai","isPartOf":{"@id":"https:\/\/greenyellow-mink-334782.hostingersite.com\/#website"},"primaryImageOfPage":{"@id":"https:\/\/saomai-agro.com\/product\/lime-puree\/#primaryimage"},"image":{"@id":"https:\/\/saomai-agro.com\/product\/lime-puree\/#primaryimage"},"thumbnailUrl":"https:\/\/saomai-agro.com\/wp-content\/uploads\/2025\/05\/MOCK-UP-NONG-SAN.pdf-1000-x-1000-px-9.png","datePublished":"2025-05-20T13:21:17+00:00","dateModified":"2026-02-27T14:59:49+00:00","breadcrumb":{"@id":"https:\/\/saomai-agro.com\/product\/lime-puree\/#breadcrumb"},"inLanguage":"vi","potentialAction":[{"@type":"ReadAction","target":["https:\/\/saomai-agro.com\/product\/lime-puree\/"]}]},{"@type":"ImageObject","inLanguage":"vi","@id":"https:\/\/saomai-agro.com\/product\/lime-puree\/#primaryimage","url":"https:\/\/saomai-agro.com\/wp-content\/uploads\/2025\/05\/MOCK-UP-NONG-SAN.pdf-1000-x-1000-px-9.png","contentUrl":"https:\/\/saomai-agro.com\/wp-content\/uploads\/2025\/05\/MOCK-UP-NONG-SAN.pdf-1000-x-1000-px-9.png","width":1000,"height":1000},{"@type":"BreadcrumbList","@id":"https:\/\/saomai-agro.com\/product\/lime-puree\/#breadcrumb","itemListElement":[{"@type":"ListItem","position":1,"name":"Home","item":"https:\/\/saomai-agro.com\/"},{"@type":"ListItem","position":2,"name":"Our Products","item":"https:\/\/saomai-agro.com\/?page_id=559"},{"@type":"ListItem","position":3,"name":"Lime Puree"}]},{"@type":"WebSite","@id":"https:\/\/greenyellow-mink-334782.hostingersite.com\/#website","url":"https:\/\/greenyellow-mink-334782.hostingersite.com\/","name":"Sao Mai","description":"SAO MAI Agro Processing JSC Vietnamese Food Manufacturer &amp; Exporter","publisher":{"@id":"https:\/\/greenyellow-mink-334782.hostingersite.com\/#organization"},"potentialAction":[{"@type":"SearchAction","target":{"@type":"EntryPoint","urlTemplate":"https:\/\/greenyellow-mink-334782.hostingersite.com\/?s={search_term_string}"},"query-input":{"@type":"PropertyValueSpecification","valueRequired":true,"valueName":"search_term_string"}}],"inLanguage":"vi"},{"@type":"Organization","@id":"https:\/\/greenyellow-mink-334782.hostingersite.com\/#organization","name":"Sao Mai","url":"https:\/\/greenyellow-mink-334782.hostingersite.com\/","logo":{"@type":"ImageObject","inLanguage":"vi","@id":"https:\/\/greenyellow-mink-334782.hostingersite.com\/#\/schema\/logo\/image\/","url":"https:\/\/saomai-agro.com\/wp-content\/uploads\/2024\/05\/cropped-logo-sao-mai-ban-chuan-bang-ngang-02-e1747109753124.png","contentUrl":"https:\/\/saomai-agro.com\/wp-content\/uploads\/2024\/05\/cropped-logo-sao-mai-ban-chuan-bang-ngang-02-e1747109753124.png","width":78,"height":52,"caption":"Sao Mai"},"image":{"@id":"https:\/\/greenyellow-mink-334782.hostingersite.com\/#\/schema\/logo\/image\/"}}]}},"_links":{"self":[{"href":"https:\/\/saomai-agro.com\/vi\/wp-json\/wp\/v2\/product\/12848","targetHints":{"allow":["GET"]}}],"collection":[{"href":"https:\/\/saomai-agro.com\/vi\/wp-json\/wp\/v2\/product"}],"about":[{"href":"https:\/\/saomai-agro.com\/vi\/wp-json\/wp\/v2\/types\/product"}],"replies":[{"embeddable":true,"href":"https:\/\/saomai-agro.com\/vi\/wp-json\/wp\/v2\/comments?post=12848"}],"version-history":[{"count":2,"href":"https:\/\/saomai-agro.com\/vi\/wp-json\/wp\/v2\/product\/12848\/revisions"}],"predecessor-version":[{"id":13353,"href":"https:\/\/saomai-agro.com\/vi\/wp-json\/wp\/v2\/product\/12848\/revisions\/13353"}],"wp:featuredmedia":[{"embeddable":true,"href":"https:\/\/saomai-agro.com\/vi\/wp-json\/wp\/v2\/media\/13339"}],"wp:attachment":[{"href":"https:\/\/saomai-agro.com\/vi\/wp-json\/wp\/v2\/media?parent=12848"}],"wp:term":[{"taxonomy":"product_brand","embeddable":true,"href":"https:\/\/saomai-agro.com\/vi\/wp-json\/wp\/v2\/product_brand?post=12848"},{"taxonomy":"product_cat","embeddable":true,"href":"https:\/\/saomai-agro.com\/vi\/wp-json\/wp\/v2\/product_cat?post=12848"},{"taxonomy":"product_tag","embeddable":true,"href":"https:\/\/saomai-agro.com\/vi\/wp-json\/wp\/v2\/product_tag?post=12848"}],"curies":[{"name":"wp","href":"https:\/\/api.w.org\/{rel}","templated":true}]}}